{"id":410,"date":"2024-02-29T20:24:54","date_gmt":"2024-02-29T19:24:54","guid":{"rendered":"https:\/\/le-serpent-de-jeanne.blog\/Art-By-Cecile\/?post_type=product&#038;p=410"},"modified":"2024-02-29T20:27:31","modified_gmt":"2024-02-29T19:27:31","slug":"meridien-du-coeur","status":"publish","type":"product","link":"https:\/\/le-serpent-de-jeanne.blog\/Art-By-Cecile\/index.php\/produit\/meridien-du-coeur\/","title":{"rendered":"M\u00e9ridien du Coeur"},"content":{"rendered":"<div id=\"productDescription\" class=\"product-details__product-description\">\n<h3><\/h3>\n<blockquote>\n<h3>Commandez une impression d&rsquo;art en suivant le lien vers Artmajeur.com !<br \/>\nTarifs et personnalisation sur le site partenaire.<\/h3>\n<\/blockquote>\n<p>&nbsp;<\/p>\n<p>L&rsquo;Esprit loge dans le Coeur.<\/p>\n<div class=\"clear\"><\/div>\n<ul>\n<li>\n<h3><a href=\"https:\/\/le-serpent-de-jeanne.blog\/Art-By-Cecile\/index.php\/project\/meridien-du-coeur\/\">Lire l&rsquo;article\u00a0<\/a><\/h3>\n<\/li>\n<\/ul>\n<p>&nbsp;<\/p>\n<p>&nbsp;<\/p>\n<p>&nbsp;<\/p>\n<\/div>\n","protected":false},"excerpt":{"rendered":"<p>Prix indicatif, * \u00e0 partir de (&#8230;)<\/p>\n<p>Techniques mixtes sur bois<br \/>\n40x50x3,5 cm. 2020<br \/>\nOriginal disponible<\/p>\n","protected":false},"featured_media":193,"template":"","meta":[],"product_cat":[33],"product_tag":[],"class_list":{"0":"post-410","1":"product","2":"type-product","3":"status-publish","4":"has-post-thumbnail","6":"product_cat-impressions-dart","9":"first","10":"instock","11":"shipping-taxable","12":"product-type-external"},"yoast_head":"<!-- This site is optimized with the Yoast SEO plugin v22.3 - https:\/\/yoast.com\/wordpress\/plugins\/seo\/ -->\n<title>M\u00e9ridien du Coeur - C\u00e9cile Jeanne Fraeye<\/title>\n<meta name=\"robots\" content=\"index, follow, max-snippet:-1, max-image-preview:large, max-video-preview:-1\" \/>\n<link rel=\"canonical\" href=\"https:\/\/le-serpent-de-jeanne.blog\/Art-By-Cecile\/index.php\/produit\/meridien-du-coeur\/\" \/>\n<meta property=\"og:locale\" content=\"fr_FR\" \/>\n<meta property=\"og:type\" content=\"article\" \/>\n<meta property=\"og:title\" content=\"M\u00e9ridien du Coeur - C\u00e9cile Jeanne Fraeye\" \/>\n<meta property=\"og:description\" content=\"Prix indicatif, * \u00e0 partir de (...)  Techniques mixtes sur bois 40x50x3,5 cm. 2020 Original disponible\" \/>\n<meta property=\"og:url\" content=\"https:\/\/le-serpent-de-jeanne.blog\/Art-By-Cecile\/index.php\/produit\/meridien-du-coeur\/\" \/>\n<meta property=\"og:site_name\" content=\"C\u00e9cile Jeanne Fraeye\" \/>\n<meta property=\"article:modified_time\" content=\"2024-02-29T19:27:31+00:00\" \/>\n<meta property=\"og:image\" content=\"https:\/\/le-serpent-de-jeanne.blog\/Art-By-Cecile\/wp-content\/uploads\/2024\/02\/meridien-du-coeur.jpg\" \/>\n\t<meta property=\"og:image:width\" content=\"960\" \/>\n\t<meta property=\"og:image:height\" content=\"758\" \/>\n\t<meta property=\"og:image:type\" content=\"image\/jpeg\" \/>\n<meta name=\"twitter:card\" content=\"summary_large_image\" \/>\n<script type=\"application\/ld+json\" class=\"yoast-schema-graph\">{\"@context\":\"https:\/\/schema.org\",\"@graph\":[{\"@type\":\"WebPage\",\"@id\":\"https:\/\/le-serpent-de-jeanne.blog\/Art-By-Cecile\/index.php\/produit\/meridien-du-coeur\/\",\"url\":\"https:\/\/le-serpent-de-jeanne.blog\/Art-By-Cecile\/index.php\/produit\/meridien-du-coeur\/\",\"name\":\"M\u00e9ridien du Coeur - C\u00e9cile Jeanne Fraeye\",\"isPartOf\":{\"@id\":\"https:\/\/le-serpent-de-jeanne.blog\/Art-By-Cecile\/#website\"},\"primaryImageOfPage\":{\"@id\":\"https:\/\/le-serpent-de-jeanne.blog\/Art-By-Cecile\/index.php\/produit\/meridien-du-coeur\/#primaryimage\"},\"image\":{\"@id\":\"https:\/\/le-serpent-de-jeanne.blog\/Art-By-Cecile\/index.php\/produit\/meridien-du-coeur\/#primaryimage\"},\"thumbnailUrl\":\"https:\/\/le-serpent-de-jeanne.blog\/Art-By-Cecile\/wp-content\/uploads\/2024\/02\/meridien-du-coeur.jpg\",\"datePublished\":\"2024-02-29T19:24:54+00:00\",\"dateModified\":\"2024-02-29T19:27:31+00:00\",\"breadcrumb\":{\"@id\":\"https:\/\/le-serpent-de-jeanne.blog\/Art-By-Cecile\/index.php\/produit\/meridien-du-coeur\/#breadcrumb\"},\"inLanguage\":\"fr-FR\",\"potentialAction\":[{\"@type\":\"ReadAction\",\"target\":[\"https:\/\/le-serpent-de-jeanne.blog\/Art-By-Cecile\/index.php\/produit\/meridien-du-coeur\/\"]}]},{\"@type\":\"ImageObject\",\"inLanguage\":\"fr-FR\",\"@id\":\"https:\/\/le-serpent-de-jeanne.blog\/Art-By-Cecile\/index.php\/produit\/meridien-du-coeur\/#primaryimage\",\"url\":\"https:\/\/le-serpent-de-jeanne.blog\/Art-By-Cecile\/wp-content\/uploads\/2024\/02\/meridien-du-coeur.jpg\",\"contentUrl\":\"https:\/\/le-serpent-de-jeanne.blog\/Art-By-Cecile\/wp-content\/uploads\/2024\/02\/meridien-du-coeur.jpg\",\"width\":960,\"height\":758,\"caption\":\"M\u00e9ridien du Coeur, Heart Meridian\"},{\"@type\":\"BreadcrumbList\",\"@id\":\"https:\/\/le-serpent-de-jeanne.blog\/Art-By-Cecile\/index.php\/produit\/meridien-du-coeur\/#breadcrumb\",\"itemListElement\":[{\"@type\":\"ListItem\",\"position\":1,\"name\":\"Accueil\",\"item\":\"https:\/\/le-serpent-de-jeanne.blog\/Art-By-Cecile\/\"},{\"@type\":\"ListItem\",\"position\":2,\"name\":\"Shop\",\"item\":\"https:\/\/le-serpent-de-jeanne.blog\/Art-By-Cecile\/index.php\/shop\/\"},{\"@type\":\"ListItem\",\"position\":3,\"name\":\"M\u00e9ridien du Coeur\"}]},{\"@type\":\"WebSite\",\"@id\":\"https:\/\/le-serpent-de-jeanne.blog\/Art-By-Cecile\/#website\",\"url\":\"https:\/\/le-serpent-de-jeanne.blog\/Art-By-Cecile\/\",\"name\":\"C\u00e9cile Jeanne Fraeye\",\"description\":\"Artiste\",\"publisher\":{\"@id\":\"https:\/\/le-serpent-de-jeanne.blog\/Art-By-Cecile\/#\/schema\/person\/e05c55f960dea3b226095a2e2dd8775c\"},\"potentialAction\":[{\"@type\":\"SearchAction\",\"target\":{\"@type\":\"EntryPoint\",\"urlTemplate\":\"https:\/\/le-serpent-de-jeanne.blog\/Art-By-Cecile\/?s={search_term_string}\"},\"query-input\":\"required name=search_term_string\"}],\"inLanguage\":\"fr-FR\"},{\"@type\":[\"Person\",\"Organization\"],\"@id\":\"https:\/\/le-serpent-de-jeanne.blog\/Art-By-Cecile\/#\/schema\/person\/e05c55f960dea3b226095a2e2dd8775c\",\"name\":\"admin-art\",\"image\":{\"@type\":\"ImageObject\",\"inLanguage\":\"fr-FR\",\"@id\":\"https:\/\/le-serpent-de-jeanne.blog\/Art-By-Cecile\/#\/schema\/person\/image\/\",\"url\":\"https:\/\/secure.gravatar.com\/avatar\/5f1cf9eee46ee82d633b533780355eea21af1e802146ecf24368d863336ceefe?s=96&d=mm&r=g\",\"contentUrl\":\"https:\/\/secure.gravatar.com\/avatar\/5f1cf9eee46ee82d633b533780355eea21af1e802146ecf24368d863336ceefe?s=96&d=mm&r=g\",\"caption\":\"admin-art\"},\"logo\":{\"@id\":\"https:\/\/le-serpent-de-jeanne.blog\/Art-By-Cecile\/#\/schema\/person\/image\/\"},\"sameAs\":[\"http:\/\/le-serpent-de-jeanne.blog\/Art-By-Cecile\"]}]}<\/script>\n<!-- \/ Yoast SEO plugin. -->","yoast_head_json":{"title":"M\u00e9ridien du Coeur - C\u00e9cile Jeanne Fraeye","robots":{"index":"index","follow":"follow","max-snippet":"max-snippet:-1","max-image-preview":"max-image-preview:large","max-video-preview":"max-video-preview:-1"},"canonical":"https:\/\/le-serpent-de-jeanne.blog\/Art-By-Cecile\/index.php\/produit\/meridien-du-coeur\/","og_locale":"fr_FR","og_type":"article","og_title":"M\u00e9ridien du Coeur - C\u00e9cile Jeanne Fraeye","og_description":"Prix indicatif, * \u00e0 partir de (...)  Techniques mixtes sur bois 40x50x3,5 cm. 2020 Original disponible","og_url":"https:\/\/le-serpent-de-jeanne.blog\/Art-By-Cecile\/index.php\/produit\/meridien-du-coeur\/","og_site_name":"C\u00e9cile Jeanne Fraeye","article_modified_time":"2024-02-29T19:27:31+00:00","og_image":[{"width":960,"height":758,"url":"https:\/\/le-serpent-de-jeanne.blog\/Art-By-Cecile\/wp-content\/uploads\/2024\/02\/meridien-du-coeur.jpg","type":"image\/jpeg"}],"twitter_card":"summary_large_image","schema":{"@context":"https:\/\/schema.org","@graph":[{"@type":"WebPage","@id":"https:\/\/le-serpent-de-jeanne.blog\/Art-By-Cecile\/index.php\/produit\/meridien-du-coeur\/","url":"https:\/\/le-serpent-de-jeanne.blog\/Art-By-Cecile\/index.php\/produit\/meridien-du-coeur\/","name":"M\u00e9ridien du Coeur - C\u00e9cile Jeanne Fraeye","isPartOf":{"@id":"https:\/\/le-serpent-de-jeanne.blog\/Art-By-Cecile\/#website"},"primaryImageOfPage":{"@id":"https:\/\/le-serpent-de-jeanne.blog\/Art-By-Cecile\/index.php\/produit\/meridien-du-coeur\/#primaryimage"},"image":{"@id":"https:\/\/le-serpent-de-jeanne.blog\/Art-By-Cecile\/index.php\/produit\/meridien-du-coeur\/#primaryimage"},"thumbnailUrl":"https:\/\/le-serpent-de-jeanne.blog\/Art-By-Cecile\/wp-content\/uploads\/2024\/02\/meridien-du-coeur.jpg","datePublished":"2024-02-29T19:24:54+00:00","dateModified":"2024-02-29T19:27:31+00:00","breadcrumb":{"@id":"https:\/\/le-serpent-de-jeanne.blog\/Art-By-Cecile\/index.php\/produit\/meridien-du-coeur\/#breadcrumb"},"inLanguage":"fr-FR","potentialAction":[{"@type":"ReadAction","target":["https:\/\/le-serpent-de-jeanne.blog\/Art-By-Cecile\/index.php\/produit\/meridien-du-coeur\/"]}]},{"@type":"ImageObject","inLanguage":"fr-FR","@id":"https:\/\/le-serpent-de-jeanne.blog\/Art-By-Cecile\/index.php\/produit\/meridien-du-coeur\/#primaryimage","url":"https:\/\/le-serpent-de-jeanne.blog\/Art-By-Cecile\/wp-content\/uploads\/2024\/02\/meridien-du-coeur.jpg","contentUrl":"https:\/\/le-serpent-de-jeanne.blog\/Art-By-Cecile\/wp-content\/uploads\/2024\/02\/meridien-du-coeur.jpg","width":960,"height":758,"caption":"M\u00e9ridien du Coeur, Heart Meridian"},{"@type":"BreadcrumbList","@id":"https:\/\/le-serpent-de-jeanne.blog\/Art-By-Cecile\/index.php\/produit\/meridien-du-coeur\/#breadcrumb","itemListElement":[{"@type":"ListItem","position":1,"name":"Accueil","item":"https:\/\/le-serpent-de-jeanne.blog\/Art-By-Cecile\/"},{"@type":"ListItem","position":2,"name":"Shop","item":"https:\/\/le-serpent-de-jeanne.blog\/Art-By-Cecile\/index.php\/shop\/"},{"@type":"ListItem","position":3,"name":"M\u00e9ridien du Coeur"}]},{"@type":"WebSite","@id":"https:\/\/le-serpent-de-jeanne.blog\/Art-By-Cecile\/#website","url":"https:\/\/le-serpent-de-jeanne.blog\/Art-By-Cecile\/","name":"C\u00e9cile Jeanne Fraeye","description":"Artiste","publisher":{"@id":"https:\/\/le-serpent-de-jeanne.blog\/Art-By-Cecile\/#\/schema\/person\/e05c55f960dea3b226095a2e2dd8775c"},"potentialAction":[{"@type":"SearchAction","target":{"@type":"EntryPoint","urlTemplate":"https:\/\/le-serpent-de-jeanne.blog\/Art-By-Cecile\/?s={search_term_string}"},"query-input":"required name=search_term_string"}],"inLanguage":"fr-FR"},{"@type":["Person","Organization"],"@id":"https:\/\/le-serpent-de-jeanne.blog\/Art-By-Cecile\/#\/schema\/person\/e05c55f960dea3b226095a2e2dd8775c","name":"admin-art","image":{"@type":"ImageObject","inLanguage":"fr-FR","@id":"https:\/\/le-serpent-de-jeanne.blog\/Art-By-Cecile\/#\/schema\/person\/image\/","url":"https:\/\/secure.gravatar.com\/avatar\/5f1cf9eee46ee82d633b533780355eea21af1e802146ecf24368d863336ceefe?s=96&d=mm&r=g","contentUrl":"https:\/\/secure.gravatar.com\/avatar\/5f1cf9eee46ee82d633b533780355eea21af1e802146ecf24368d863336ceefe?s=96&d=mm&r=g","caption":"admin-art"},"logo":{"@id":"https:\/\/le-serpent-de-jeanne.blog\/Art-By-Cecile\/#\/schema\/person\/image\/"},"sameAs":["http:\/\/le-serpent-de-jeanne.blog\/Art-By-Cecile"]}]}},"jetpack_sharing_enabled":true,"_links":{"self":[{"href":"https:\/\/le-serpent-de-jeanne.blog\/Art-By-Cecile\/index.php\/wp-json\/wp\/v2\/product\/410","targetHints":{"allow":["GET"]}}],"collection":[{"href":"https:\/\/le-serpent-de-jeanne.blog\/Art-By-Cecile\/index.php\/wp-json\/wp\/v2\/product"}],"about":[{"href":"https:\/\/le-serpent-de-jeanne.blog\/Art-By-Cecile\/index.php\/wp-json\/wp\/v2\/types\/product"}],"wp:featuredmedia":[{"embeddable":true,"href":"https:\/\/le-serpent-de-jeanne.blog\/Art-By-Cecile\/index.php\/wp-json\/wp\/v2\/media\/193"}],"wp:attachment":[{"href":"https:\/\/le-serpent-de-jeanne.blog\/Art-By-Cecile\/index.php\/wp-json\/wp\/v2\/media?parent=410"}],"wp:term":[{"taxonomy":"product_cat","embeddable":true,"href":"https:\/\/le-serpent-de-jeanne.blog\/Art-By-Cecile\/index.php\/wp-json\/wp\/v2\/product_cat?post=410"},{"taxonomy":"product_tag","embeddable":true,"href":"https:\/\/le-serpent-de-jeanne.blog\/Art-By-Cecile\/index.php\/wp-json\/wp\/v2\/product_tag?post=410"}],"curies":[{"name":"wp","href":"https:\/\/api.w.org\/{rel}","templated":true}]}}